{"id":63,"date":"2025-11-02T20:18:55","date_gmt":"2025-11-02T20:18:55","guid":{"rendered":"https:\/\/www.snemalni-studio.si\/?page_id=63"},"modified":"2025-12-17T12:57:32","modified_gmt":"2025-12-17T12:57:32","slug":"domov","status":"publish","type":"page","link":"https:\/\/www.snemalni-studio.si\/","title":{"rendered":"Domov"},"content":{"rendered":"\t\t<div data-elementor-type=\"wp-page\" data-elementor-id=\"63\" class=\"elementor elementor-63\" data-elementor-post-type=\"page\">\n\t\t\t\t<div class=\"elementor-element elementor-element-29e417f3 e-flex e-con-boxed e-con e-parent\" data-id=\"29e417f3\" data-element_type=\"container\" data-settings=\"{&quot;background_background&quot;:&quot;classic&quot;}\">\n\t\t\t\t\t<div class=\"e-con-inner\">\n\t\t<div class=\"elementor-element elementor-element-34f71668 e-flex e-con-boxed e-con e-child\" data-id=\"34f71668\" data-element_type=\"container\">\n\t\t\t\t\t<div class=\"e-con-inner\">\n\t\t\t\t<div class=\"elementor-element elementor-element-2412cf91 elementor-widget elementor-widget-heading\" data-id=\"2412cf91\" data-element_type=\"widget\" data-widget_type=\"heading.default\">\n\t\t\t\t\t<h6 class=\"elementor-heading-title elementor-size-default\">snemalni studio<\/h6>\t\t\t\t<\/div>\n\t\t\t\t<div class=\"elementor-element elementor-element-31dec33d elementor-widget elementor-widget-elementskit-heading\" data-id=\"31dec33d\" data-element_type=\"widget\" data-widget_type=\"elementskit-heading.default\">\n\t\t\t\t\t<div class=\"ekit-wid-con\" ><div class=\"ekit-heading elementskit-section-title-wraper text_center   ekit_heading_tablet-   ekit_heading_mobile-\"><h1 class=\"ekit-heading--title elementskit-section-title \">najemi <span><span>snemalni studio<\/span><\/span><\/h1><\/div><\/div>\t\t\t\t<\/div>\n\t\t\t\t<div class=\"elementor-element elementor-element-57357485 elementor-widget elementor-widget-text-editor\" data-id=\"57357485\" data-element_type=\"widget\" data-widget_type=\"text-editor.default\">\n\t\t\t\t\t\t\t\t\t<p>Z dolgoletnimi izku\u0161njami in sodobno LED tehnologijo ustvarjamo vrhunske video produkcije, oddaje in promocijske vsebine.<br data-start=\"616\" data-end=\"619\" \/>Na\u0161i studii omogo\u010dajo snemanja v razli\u010dnih postavitvah \u2013 od preprostih predstavitev do celove\u010dernih produkcij.<\/p>\t\t\t\t\t\t\t\t<\/div>\n\t\t\t\t\t<\/div>\n\t\t\t\t<\/div>\n\t\t\t\t\t<\/div>\n\t\t\t\t<\/div>\n\t\t<div class=\"elementor-element elementor-element-2ddfa62b e-flex e-con-boxed e-con e-parent\" data-id=\"2ddfa62b\" data-element_type=\"container\">\n\t\t\t\t\t<div class=\"e-con-inner\">\n\t\t<div class=\"elementor-element elementor-element-6ef47a78 e-con-full e-flex e-con e-child\" data-id=\"6ef47a78\" data-element_type=\"container\">\n\t\t\t\t<div class=\"elementor-element elementor-element-d8a3eca elementor-widget elementor-widget-image\" data-id=\"d8a3eca\" data-element_type=\"widget\" data-widget_type=\"image.default\">\n\t\t\t\t\t\t\t\t\t\t\t\t\t\t\t<img decoding=\"async\" src=\"https:\/\/www.snemalni-studio.si\/wp-content\/plugins\/elementor\/assets\/images\/placeholder.png\" title=\"\" alt=\"\" loading=\"lazy\" \/>\t\t\t\t\t\t\t\t\t\t\t\t\t\t\t<\/div>\n\t\t\t\t<\/div>\n\t\t<div class=\"elementor-element elementor-element-66e97f08 e-con-full e-flex e-con e-child\" data-id=\"66e97f08\" data-element_type=\"container\">\n\t\t\t\t<div class=\"elementor-element elementor-element-5c000f4 elementor-widget elementor-widget-image\" data-id=\"5c000f4\" data-element_type=\"widget\" data-widget_type=\"image.default\">\n\t\t\t\t\t\t\t\t\t\t\t\t\t\t\t<img decoding=\"async\" src=\"https:\/\/www.snemalni-studio.si\/wp-content\/plugins\/elementor\/assets\/images\/placeholder.png\" title=\"\" alt=\"\" loading=\"lazy\" \/>\t\t\t\t\t\t\t\t\t\t\t\t\t\t\t<\/div>\n\t\t\t\t<\/div>\n\t\t<div class=\"elementor-element elementor-element-69cf111e e-con-full e-flex e-con e-child\" data-id=\"69cf111e\" data-element_type=\"container\">\n\t\t\t\t<div class=\"elementor-element elementor-element-3f7b636d elementor-widget elementor-widget-image\" data-id=\"3f7b636d\" data-element_type=\"widget\" data-widget_type=\"image.default\">\n\t\t\t\t\t\t\t\t\t\t\t\t\t\t\t<img decoding=\"async\" src=\"https:\/\/www.snemalni-studio.si\/wp-content\/plugins\/elementor\/assets\/images\/placeholder.png\" title=\"\" alt=\"\" loading=\"lazy\" \/>\t\t\t\t\t\t\t\t\t\t\t\t\t\t\t<\/div>\n\t\t\t\t<\/div>\n\t\t<div class=\"elementor-element elementor-element-484a2078 e-con-full e-flex e-con e-child\" data-id=\"484a2078\" data-element_type=\"container\" data-settings=\"{&quot;background_background&quot;:&quot;classic&quot;}\">\n\t\t\t\t<div class=\"elementor-element elementor-element-d6af117 elementor-widget elementor-widget-heading\" data-id=\"d6af117\" data-element_type=\"widget\" data-widget_type=\"heading.default\">\n\t\t\t\t\t<h5 class=\"elementor-heading-title elementor-size-default\">...<\/h5>\t\t\t\t<\/div>\n\t\t\t\t<div class=\"elementor-element elementor-element-67655d9f elementor-widget elementor-widget-text-editor\" data-id=\"67655d9f\" data-element_type=\"widget\" data-widget_type=\"text-editor.default\">\n\t\t\t\t\t\t\t\t\t<p>Lorem ipsum dolor sit amet, consectetur adipiscing elit.\u00a0<\/p>\t\t\t\t\t\t\t\t<\/div>\n\t\t\t\t<\/div>\n\t\t\t\t\t<\/div>\n\t\t\t\t<\/div>\n\t\t\t\t<\/div>\n\t\t","protected":false},"excerpt":{"rendered":"<p>snemalni studio najemi snemalni studio Z dolgoletnimi izku\u0161njami in sodobno LED tehnologijo ustvarjamo vrhunske video produkcije, oddaje in promocijske vsebine.Na\u0161i studii omogo\u010dajo snemanja v razli\u010dnih postavitvah \u2013 od preprostih predstavitev do celove\u010dernih produkcij. &#8230; Lorem ipsum dolor sit amet, consectetur adipiscing elit.\u00a0<\/p>\n","protected":false},"author":1,"featured_media":0,"parent":0,"menu_order":0,"comment_status":"closed","ping_status":"closed","template":"elementor_header_footer","meta":{"footnotes":""},"class_list":["post-63","page","type-page","status-publish","hentry"],"_links":{"self":[{"href":"https:\/\/www.snemalni-studio.si\/index.php?rest_route=\/wp\/v2\/pages\/63","targetHints":{"allow":["GET"]}}],"collection":[{"href":"https:\/\/www.snemalni-studio.si\/index.php?rest_route=\/wp\/v2\/pages"}],"about":[{"href":"https:\/\/www.snemalni-studio.si\/index.php?rest_route=\/wp\/v2\/types\/page"}],"author":[{"embeddable":true,"href":"https:\/\/www.snemalni-studio.si\/index.php?rest_route=\/wp\/v2\/users\/1"}],"replies":[{"embeddable":true,"href":"https:\/\/www.snemalni-studio.si\/index.php?rest_route=%2Fwp%2Fv2%2Fcomments&post=63"}],"version-history":[{"count":10,"href":"https:\/\/www.snemalni-studio.si\/index.php?rest_route=\/wp\/v2\/pages\/63\/revisions"}],"predecessor-version":[{"id":99,"href":"https:\/\/www.snemalni-studio.si\/index.php?rest_route=\/wp\/v2\/pages\/63\/revisions\/99"}],"wp:attachment":[{"href":"https:\/\/www.snemalni-studio.si\/index.php?rest_route=%2Fwp%2Fv2%2Fmedia&parent=63"}],"curies":[{"name":"wp","href":"https:\/\/api.w.org\/{rel}","templated":true}]}}